{"id":43,"date":"2024-02-28T16:11:56","date_gmt":"2024-02-28T19:11:56","guid":{"rendered":"https:\/\/disciplinas.ime.unicamp.br\/ma111\/?page_id=43"},"modified":"2026-03-03T16:05:59","modified_gmt":"2026-03-03T19:05:59","slug":"cronograma","status":"publish","type":"page","link":"https:\/\/disciplinas.ime.unicamp.br\/ma111\/cronograma\/","title":{"rendered":"Cronograma"},"content":{"rendered":"\n<p>Aten\u00e7\u00e3o: Informamos que no dia 23\/02 e 25\/02 n\u00e3o teremos atividades did\u00e1ticas devido \u00e0s atividades de recep\u00e7\u00e3o dos calouros. Dessa forma, as aulas de C\u00e1lculo I come\u00e7ar\u00e3o na quarta-feira, dia 02\/03.<\/p>\n\n\n\n<p>As se\u00e7\u00f5es (2a coluna) s\u00e3o sugest\u00f5es do livro C\u00e1lculo, de James Stewart. Esse livro tem e-books dispon\u00edveis na biblioteca do IMECC.<\/p>\n\n\n\n<figure class=\"wp-block-table\"><table><thead><tr><th class=\"has-text-align-center\" data-align=\"center\">Aula <\/th><th class=\"has-text-align-left\" data-align=\"left\">Leitura recomendada<\/th><th class=\"has-text-align-left\" data-align=\"left\">Conte\u00fado<\/th><th class=\"has-text-align-left\" data-align=\"left\">Data<\/th><\/tr><\/thead><tbody><tr><td class=\"has-text-align-center\" data-align=\"center\">1<\/td><td class=\"has-text-align-left\" data-align=\"left\">Ap\u00eandices A e B<br><\/td><td class=\"has-text-align-left\" data-align=\"left\">Apresenta\u00e7\u00e3o da disciplina. Revis\u00e3o: N\u00fameros, Desigualdades, Valores Absolutos.<\/td><td class=\"has-text-align-left\" data-align=\"left\">02\/03<\/td><\/tr><tr><td class=\"has-text-align-center\" data-align=\"center\">2.<\/td><td class=\"has-text-align-left\" data-align=\"left\">Exerc\u00edcios, Ap\u00eandices C e D<\/td><td class=\"has-text-align-left\" data-align=\"left\">Exerc\u00edcios &amp; Revis\u00e3o: Gr\u00e1fico de equa\u00e7\u00f5es de segundo grau, Trigonometria.<\/td><td class=\"has-text-align-left\" data-align=\"left\">04\/03<\/td><\/tr><tr><td class=\"has-text-align-center\" data-align=\"center\"><\/td><td class=\"has-text-align-left\" data-align=\"left\"><strong>Exerc\u00edcios<\/strong><\/td><td class=\"has-text-align-left\" data-align=\"left\">Exerc\u00edcios<\/td><td class=\"has-text-align-left\" data-align=\"left\">05\/03 ou 06\/03.<\/td><\/tr><tr><td class=\"has-text-align-center\" data-align=\"center\">3<\/td><td class=\"has-text-align-left\" data-align=\"left\">1.1 a 1.3<\/td><td class=\"has-text-align-left\" data-align=\"left\">Fun\u00e7\u00f5es.<\/td><td class=\"has-text-align-left\" data-align=\"left\">11\/03<\/td><\/tr><tr><td class=\"has-text-align-center\" data-align=\"center\">4<\/td><td class=\"has-text-align-left\" data-align=\"left\">1.5 a 1.6<\/td><td class=\"has-text-align-left\" data-align=\"left\"> Fun\u00e7\u00f5es exponenciais. Fun\u00e7\u00f5es inversas e logaritmos.<\/td><td class=\"has-text-align-left\" data-align=\"left\">13\/03<br><\/td><\/tr><tr><td class=\"has-text-align-center\" data-align=\"center\"><\/td><td class=\"has-text-align-left\" data-align=\"left\"><strong>Exerc\u00edcios<\/strong><\/td><td class=\"has-text-align-left\" data-align=\"left\">Exerc\u00edcios<\/td><td class=\"has-text-align-left\" data-align=\"left\">14\/03 ou 15\/03.<\/td><\/tr><tr><td class=\"has-text-align-center\" data-align=\"center\">5 e 6<\/td><td class=\"has-text-align-left\" data-align=\"left\">2.1 a 2.4<\/td><td class=\"has-text-align-left\" data-align=\"left\">Os problemas da tangente e da velocidade. O limite de uma fun\u00e7\u00e3o. C\u00e1lculo dos limites usando suas leis.  Defini\u00e7\u00e3o precisa de limite.<\/td><td class=\"has-text-align-left\" data-align=\"left\">16\/03 e 18\/03<\/td><\/tr><tr><td class=\"has-text-align-center\" data-align=\"center\">&nbsp;<\/td><td class=\"has-text-align-left\" data-align=\"left\">Exerc\u00edcios<\/td><td class=\"has-text-align-left\" data-align=\"left\">Exerc\u00edcios<\/td><td class=\"has-text-align-left\" data-align=\"left\">19\/03 a 20\/03<\/td><\/tr><tr><td class=\"has-text-align-center\" data-align=\"center\">7 e 8<\/td><td class=\"has-text-align-left\" data-align=\"left\">2.5 e 2.6<\/td><td class=\"has-text-align-left\" data-align=\"left\">Limites no infinito e ass\u00edntotas horizontais. Continuidade. Teorema do Valor Intermedi\u00e1rio. <\/td><td class=\"has-text-align-left\" data-align=\"left\">23\/03 e 25\/03<\/td><\/tr><tr><td class=\"has-text-align-center\" data-align=\"center\">&nbsp;<\/td><td class=\"has-text-align-left\" data-align=\"left\">Exerc\u00edcios<\/td><td class=\"has-text-align-left\" data-align=\"left\">Exerc\u00edcios<\/td><td class=\"has-text-align-left\" data-align=\"left\">26\/03 ou 27\/03.<\/td><\/tr><tr><td class=\"has-text-align-center\" data-align=\"center\">9<\/td><td class=\"has-text-align-left\" data-align=\"left\">2.7 e 2.8<\/td><td class=\"has-text-align-left\" data-align=\"left\">Derivadas e taxas de varia\u00e7\u00e3o. A derivada como uma fun\u00e7\u00e3o. <\/td><td class=\"has-text-align-left\" data-align=\"left\">30\/03<\/td><\/tr><tr><td class=\"has-text-align-center\" data-align=\"center\">10<\/td><td class=\"has-text-align-left\" data-align=\"left\">3.1 e 3.2<\/td><td class=\"has-text-align-left\" data-align=\"left\">Derivadas de fun\u00e7\u00f5es polinomiais e exponenciais. Regras do produto e quociente.<\/td><td class=\"has-text-align-left\" data-align=\"left\">01\/04<\/td><\/tr><tr><td class=\"has-text-align-center\" data-align=\"center\">&nbsp;<\/td><td class=\"has-text-align-left\" data-align=\"left\"><strong>Feriado<\/strong><\/td><td class=\"has-text-align-left\" data-align=\"left\"><strong>N\u00e3o haver\u00e1 aula<\/strong><\/td><td class=\"has-text-align-left\" data-align=\"left\"><strong>02\/04 ou 03\/04<\/strong><\/td><\/tr><tr><td class=\"has-text-align-center\" data-align=\"center\">11 e 12&nbsp;<\/td><td class=\"has-text-align-left\" data-align=\"left\"><strong style=\"white-space: normal\">Revis\u00e3o<\/strong><\/td><td class=\"has-text-align-left\" data-align=\"left\"><strong style=\"white-space: normal\">Revis\u00e3o<\/strong><\/td><td class=\"has-text-align-left\" data-align=\"left\">06\/04 e 08\/04<\/td><\/tr><tr><td class=\"has-text-align-center\" data-align=\"center\"><br><\/td><td class=\"has-text-align-left\" data-align=\"left\"><strong>Prova 1<\/strong><\/td><td class=\"has-text-align-left\" data-align=\"left\"><strong>Prova 1<\/strong><\/td><td class=\"has-text-align-left\" data-align=\"left\">09\/04 ou 10\/04<\/td><\/tr><tr><td class=\"has-text-align-center\" data-align=\"center\">13 e 14&nbsp;<\/td><td class=\"has-text-align-left\" data-align=\"left\">3.3 a 3.6<\/td><td class=\"has-text-align-left\" data-align=\"left\">Derivadas de fun\u00e7\u00f5es trigonom\u00e9tricas. Regra da cadeia. Diferencia\u00e7\u00e3o impl\u00edcita. Derivadas de fun\u00e7\u00f5es logar\u00edtmicas.<\/td><td class=\"has-text-align-left\" data-align=\"left\">13\/04 e 15\/04<\/td><\/tr><tr><td class=\"has-text-align-center\" data-align=\"center\"><\/td><td class=\"has-text-align-left\" data-align=\"left\">Exerc\u00edcios<\/td><td class=\"has-text-align-left\" data-align=\"left\">Exerc\u00edcios<\/td><td class=\"has-text-align-left\" data-align=\"left\">16\/04 ou 17\/04<\/td><\/tr><tr><td class=\"has-text-align-center\" data-align=\"center\">&nbsp;<\/td><td class=\"has-text-align-left\" data-align=\"left\"><strong>Feriado<\/strong><\/td><td class=\"has-text-align-left\" data-align=\"left\"><strong><strong>N\u00e3o haver\u00e1 aula<\/strong><\/strong><\/td><td class=\"has-text-align-left\" data-align=\"left\">20\/04<\/td><\/tr><tr><td class=\"has-text-align-center\" data-align=\"center\">15<\/td><td class=\"has-text-align-left\" data-align=\"left\">3.9 e 3.10<\/td><td class=\"has-text-align-left\" data-align=\"left\">Taxas Relacionadas. Aproxima\u00e7\u00f5es lineares e Diferenciais<\/td><td class=\"has-text-align-left\" data-align=\"left\">22\/04<\/td><\/tr><tr><td class=\"has-text-align-center\" data-align=\"center\"><\/td><td class=\"has-text-align-left\" data-align=\"left\"><strong>Exerc\u00edcios<\/strong><\/td><td class=\"has-text-align-left\" data-align=\"left\"><strong>Exerc\u00edcios<\/strong><\/td><td class=\"has-text-align-left\" data-align=\"left\">23\/04 ou 24\/04<\/td><\/tr><tr><td class=\"has-text-align-center\" data-align=\"center\">16 e 17<\/td><td class=\"has-text-align-left\" data-align=\"left\">4.1 e 4.2<\/td><td class=\"has-text-align-left\" data-align=\"left\">Valores m\u00e1ximo e m\u00ednimo. Teorema do Valor M\u00e9dio.<\/td><td class=\"has-text-align-left\" data-align=\"left\">27\/04 e 29\/04<\/td><\/tr><tr><td class=\"has-text-align-center\" data-align=\"center\"><\/td><td class=\"has-text-align-left\" data-align=\"left\"><strong>Exerc\u00edcios<\/strong><\/td><td class=\"has-text-align-left\" data-align=\"left\"><strong>Exerc\u00edcios<\/strong><\/td><td class=\"has-text-align-left\" data-align=\"left\">30\/04<\/td><\/tr><tr><td class=\"has-text-align-center\" data-align=\"center\">&nbsp;<\/td><td class=\"has-text-align-left\" data-align=\"left\"><strong>Feriado<\/strong><\/td><td class=\"has-text-align-left\" data-align=\"left\"><strong>N\u00e3o haver\u00e1 aula<\/strong><\/td><td class=\"has-text-align-left\" data-align=\"left\">01\/05<\/td><\/tr><tr><td class=\"has-text-align-center\" data-align=\"center\">18 e 19<\/td><td class=\"has-text-align-left\" data-align=\"left\">\u00a04.3 a 4.5<\/td><td class=\"has-text-align-left\" data-align=\"left\">Como derivadas afetam gr\u00e1ficos e esbo\u00e7o de curvas. Formas indeterminadas e a regra de L&#8217;H\u00f4pital.\u00a0<\/td><td class=\"has-text-align-left\" data-align=\"left\">04\/05 e 06\/05<\/td><\/tr><tr><td class=\"has-text-align-center\" data-align=\"center\"><\/td><td class=\"has-text-align-left\" data-align=\"left\"><strong>Exerc\u00edcios<\/strong><\/td><td class=\"has-text-align-left\" data-align=\"left\"><strong>Exerc\u00edcios<\/strong><\/td><td class=\"has-text-align-left\" data-align=\"left\">06\/05 ou 07\/05<\/td><\/tr><tr><td class=\"has-text-align-center\" data-align=\"center\">20<\/td><td class=\"has-text-align-left\" data-align=\"left\">4.7 e 4.9<\/td><td class=\"has-text-align-left\" data-align=\"left\">Problemas de otimiza\u00e7\u00e3o. Primitivas. <\/td><td class=\"has-text-align-left\" data-align=\"left\">11\/05<\/td><\/tr><tr><td class=\"has-text-align-center\" data-align=\"center\">21<\/td><td class=\"has-text-align-left\" data-align=\"left\">5.1<\/td><td class=\"has-text-align-left\" data-align=\"left\">\u00c1reas e dist\u00e2ncias<span style=\"font-family: -webkit-standard;font-size: medium;white-space: normal\">.<\/span><\/td><td class=\"has-text-align-left\" data-align=\"left\">13\/05<\/td><\/tr><tr><td class=\"has-text-align-center\" data-align=\"center\"><\/td><td class=\"has-text-align-left\" data-align=\"left\">Exerc\u00edcios<\/td><td class=\"has-text-align-left\" data-align=\"left\"><span style=\"font-family: -webkit-standard;font-size: medium;white-space: normal\">\u00c1reas e dist\u00e2ncias.<\/span><\/td><td class=\"has-text-align-left\" data-align=\"left\">14\/05 ou 15\/05<\/td><\/tr><tr><td class=\"has-text-align-center\" data-align=\"center\">22 e 23<\/td><td class=\"has-text-align-left\" data-align=\"left\"><strong>Revis\u00e3o.<\/strong><\/td><td class=\"has-text-align-left\" data-align=\"left\"><strong>Revis\u00e3o.<\/strong><\/td><td class=\"has-text-align-left\" data-align=\"left\">18\/05 e 20\/05<\/td><\/tr><tr><td class=\"has-text-align-center\" data-align=\"center\">&nbsp;<\/td><td class=\"has-text-align-left\" data-align=\"left\"><strong>Prova 2<\/strong><\/td><td class=\"has-text-align-left\" data-align=\"left\"><strong>Prova 2<\/strong><\/td><td class=\"has-text-align-left\" data-align=\"left\">21\/05 ou 22\/05<\/td><\/tr><tr><td class=\"has-text-align-center\" data-align=\"center\">24 e 25<\/td><td class=\"has-text-align-left\" data-align=\"left\">5.2,  5.3 e 5.4<\/td><td class=\"has-text-align-left\" data-align=\"left\">A integral definida. O teorema fundamental do c\u00e1lculo. Integrais indefinidas.<\/td><td class=\"has-text-align-left\" data-align=\"left\">25\/05 e 27\/05<\/td><\/tr><tr><td class=\"has-text-align-center\" data-align=\"center\">&nbsp;<\/td><td class=\"has-text-align-left\" data-align=\"left\">Exerc\u00edcios<\/td><td class=\"has-text-align-left\" data-align=\"left\">Exerc\u00edcios<\/td><td class=\"has-text-align-left\" data-align=\"left\">28\/05 e 29\/05<\/td><\/tr><tr><td class=\"has-text-align-center\" data-align=\"center\">26 e 27<\/td><td class=\"has-text-align-left\" data-align=\"left\"> 5.5 e 7.1<\/td><td class=\"has-text-align-left\" data-align=\"left\">A regra de substitui\u00e7\u00e3o. Integra\u00e7\u00e3o por partes.<\/td><td class=\"has-text-align-left\" data-align=\"left\">01\/06 e 03\/06<\/td><\/tr><tr><td class=\"has-text-align-center\" data-align=\"center\"><\/td><td class=\"has-text-align-left\" data-align=\"left\"><strong>Feriado<\/strong><\/td><td class=\"has-text-align-left\" data-align=\"left\"><strong>N\u00e3o haver\u00e1 aula<\/strong><\/td><td class=\"has-text-align-left\" data-align=\"left\">04\/06 ou 05\/06<\/td><\/tr><tr><td class=\"has-text-align-center\" data-align=\"center\">28 e 29<\/td><td class=\"has-text-align-left\" data-align=\"left\">6.1, 7.2 e 7.3<\/td><td class=\"has-text-align-left\" data-align=\"left\">\u00c1rea entre curvas. Integrais trigonom\u00e9tricas. Substitui\u00e7\u00e3o trigonom\u00e9trica.<\/td><td class=\"has-text-align-left\" data-align=\"left\">08\/06 e 10\/06.<\/td><\/tr><tr><td class=\"has-text-align-center\" data-align=\"center\"><\/td><td class=\"has-text-align-left\" data-align=\"left\">Exerc\u00edcios<\/td><td class=\"has-text-align-left\" data-align=\"left\">Exerc\u00edcios<\/td><td class=\"has-text-align-left\" data-align=\"left\">11\/06 ou 12\/06<\/td><\/tr><tr><td class=\"has-text-align-center\" data-align=\"center\">30 e 31<\/td><td class=\"has-text-align-left\" data-align=\"left\">7.4 e 7.8<\/td><td class=\"has-text-align-left\" data-align=\"left\">Integra\u00e7\u00e3o de fun\u00e7\u00f5es racionais por fra\u00e7\u00f5es parciais. Integrais Impr\u00f3prias<\/td><td class=\"has-text-align-left\" data-align=\"left\">15\/06 e 17\/06<\/td><\/tr><tr><td class=\"has-text-align-center\" data-align=\"center\"><\/td><td class=\"has-text-align-left\" data-align=\"left\">Exerc\u00edcio<\/td><td class=\"has-text-align-left\" data-align=\"left\">Exerc\u00edcio<\/td><td class=\"has-text-align-left\" data-align=\"left\">18\/06 ou 19\/06<\/td><\/tr><tr><td class=\"has-text-align-center\" data-align=\"center\">32<\/td><td class=\"has-text-align-left\" data-align=\"left\"><strong>Revis\u00e3o<\/strong><\/td><td class=\"has-text-align-left\" data-align=\"left\"><strong>Revis\u00e3o<\/strong><\/td><td class=\"has-text-align-left\" data-align=\"left\">22\/06<\/td><\/tr><tr><td class=\"has-text-align-center\" data-align=\"center\">33<\/td><td class=\"has-text-align-left\" data-align=\"left\">6.2 e 6.3<\/td><td class=\"has-text-align-left\" data-align=\"left\">Volumes.<\/td><td class=\"has-text-align-left\" data-align=\"left\">24\/06 <\/td><\/tr><tr><td class=\"has-text-align-center\" data-align=\"center\"><\/td><td class=\"has-text-align-left\" data-align=\"left\"><strong>Prova 3<\/strong><\/td><td class=\"has-text-align-left\" data-align=\"left\"><strong>Prova 3<\/strong><\/td><td class=\"has-text-align-left\" data-align=\"left\">25\/06 ou 26\/06<\/td><\/tr><tr><td class=\"has-text-align-center\" data-align=\"center\"><\/td><td class=\"has-text-align-left\" data-align=\"left\"><strong>Exame Final<\/strong><\/td><td class=\"has-text-align-left\" data-align=\"left\"><strong>Exame Final<\/strong><\/td><td class=\"has-text-align-left\" data-align=\"left\">16\/07 ou 17\/07<\/td><\/tr><tr><td class=\"has-text-align-center\" data-align=\"center\"><\/td><\/tr><\/tbody><\/table><\/figure>\n\n\n\n<p><\/p>\n","protected":false},"excerpt":{"rendered":"<p>Aten\u00e7\u00e3o: Informamos que no dia 23\/02 e 25\/02 n\u00e3o teremos atividades did\u00e1ticas devido \u00e0s atividades de recep\u00e7\u00e3o dos calouros. Dessa forma, as aulas de C\u00e1lculo I come\u00e7ar\u00e3o na quarta-feira, dia 02\/03. As se\u00e7\u00f5es (2a coluna) s\u00e3o sugest\u00f5es do livro C\u00e1lculo, de James Stewart. Esse livro tem e-books dispon\u00edveis na biblioteca do IMECC. Aula Leitura recomendada [&hellip;]<\/p>\n","protected":false},"author":11,"featured_media":0,"parent":0,"menu_order":0,"comment_status":"closed","ping_status":"closed","template":"","meta":{"footnotes":""},"class_list":["post-43","page","type-page","status-publish","hentry"],"_links":{"self":[{"href":"https:\/\/disciplinas.ime.unicamp.br\/ma111\/wp-json\/wp\/v2\/pages\/43","targetHints":{"allow":["GET"]}}],"collection":[{"href":"https:\/\/disciplinas.ime.unicamp.br\/ma111\/wp-json\/wp\/v2\/pages"}],"about":[{"href":"https:\/\/disciplinas.ime.unicamp.br\/ma111\/wp-json\/wp\/v2\/types\/page"}],"author":[{"embeddable":true,"href":"https:\/\/disciplinas.ime.unicamp.br\/ma111\/wp-json\/wp\/v2\/users\/11"}],"replies":[{"embeddable":true,"href":"https:\/\/disciplinas.ime.unicamp.br\/ma111\/wp-json\/wp\/v2\/comments?post=43"}],"version-history":[{"count":37,"href":"https:\/\/disciplinas.ime.unicamp.br\/ma111\/wp-json\/wp\/v2\/pages\/43\/revisions"}],"predecessor-version":[{"id":610,"href":"https:\/\/disciplinas.ime.unicamp.br\/ma111\/wp-json\/wp\/v2\/pages\/43\/revisions\/610"}],"wp:attachment":[{"href":"https:\/\/disciplinas.ime.unicamp.br\/ma111\/wp-json\/wp\/v2\/media?parent=43"}],"curies":[{"name":"wp","href":"https:\/\/api.w.org\/{rel}","templated":true}]}}