{"id":2,"date":"2024-01-23T15:51:15","date_gmt":"2024-01-23T18:51:15","guid":{"rendered":"https:\/\/disciplinas.ime.unicamp.br\/ma141\/?page_id=2"},"modified":"2025-02-28T08:31:18","modified_gmt":"2025-02-28T11:31:18","slug":"pagina-exemplo","status":"publish","type":"page","link":"https:\/\/disciplinas.ime.unicamp.br\/ma141\/","title":{"rendered":"Apresenta\u00e7\u00e3o &#8211; Turmas regulares"},"content":{"rendered":"\n<h3 class=\"wp-block-heading\">Sobre a disciplina<\/h3>\n\n\n\n<p>A Geometria Anal\u00edtica \u00e9 o estudo da geometria euclidiana por meio de sistemas de coordenadas, possibilitando a descri\u00e7\u00e3o de fen\u00f4menos geom\u00e9tricos por equa\u00e7\u00f5es alg\u00e9bricas. Al\u00e9m de formalizar os conceitos elementares da \u00e1lgebra linear, a mat\u00e9ria tem aplica\u00e7\u00f5es diretas em F\u00edsica, Estat\u00edstica e Computa\u00e7\u00e3o, entre muitas outras. A Geometria Anal\u00edtica normalmente \u00e9 o primeiro contato do estudante com estruturas matem\u00e1ticas mais abstratas e formais. <\/p>\n\n\n\n<p>Seguiremos de perto o livro-texto, omitindo poucas se\u00e7\u00f5es.&nbsp;<strong>Consulte a p\u00e1gina web com frequ\u00eancia<\/strong>&nbsp;para obter informa\u00e7\u00f5es relativas ao andamento da disciplina e notas de provas.<\/p>\n\n\n\n<h3 class=\"wp-block-heading\"><strong>Ementa:<\/strong><\/h3>\n\n\n\n<p>Sistemas lineares. Vetores, opera\u00e7\u00f5es. Bases, sistemas de coordenadas. Dist\u00e2ncia, norma e \u00e2ngulo. Produtos escalar e vetorial. Retas no plano e no espa\u00e7o. Planos. Posi\u00e7\u00f5es relativas, interse\u00e7\u00f5es, dist\u00e2ncias e \u00e2ngulos. C\u00edrculo e esfera. Coordenadas polares, cil\u00edndricas e esf\u00e9ricas. Se\u00e7\u00f5es c\u00f4nicas, classifica\u00e7\u00e3o. Introdu\u00e7\u00e3o \u00e0s qu\u00e1dricas.<\/p>\n\n\n\n<p class=\"has-text-align-right\"><strong>BOM SEMESTRE A TODOS !<\/strong><\/p>\n","protected":false},"excerpt":{"rendered":"<p>Sobre a disciplina A Geometria Anal\u00edtica \u00e9 o estudo da geometria euclidiana por meio de sistemas de coordenadas, possibilitando a descri\u00e7\u00e3o de fen\u00f4menos geom\u00e9tricos por equa\u00e7\u00f5es alg\u00e9bricas. Al\u00e9m de formalizar os conceitos elementares da \u00e1lgebra linear, a mat\u00e9ria tem aplica\u00e7\u00f5es diretas em F\u00edsica, Estat\u00edstica e Computa\u00e7\u00e3o, entre muitas outras. A Geometria Anal\u00edtica normalmente \u00e9 o [&hellip;]<\/p>\n","protected":false},"author":10,"featured_media":0,"parent":0,"menu_order":0,"comment_status":"closed","ping_status":"open","template":"","meta":{"footnotes":""},"class_list":["post-2","page","type-page","status-publish","hentry"],"_links":{"self":[{"href":"https:\/\/disciplinas.ime.unicamp.br\/ma141\/wp-json\/wp\/v2\/pages\/2","targetHints":{"allow":["GET"]}}],"collection":[{"href":"https:\/\/disciplinas.ime.unicamp.br\/ma141\/wp-json\/wp\/v2\/pages"}],"about":[{"href":"https:\/\/disciplinas.ime.unicamp.br\/ma141\/wp-json\/wp\/v2\/types\/page"}],"author":[{"embeddable":true,"href":"https:\/\/disciplinas.ime.unicamp.br\/ma141\/wp-json\/wp\/v2\/users\/10"}],"replies":[{"embeddable":true,"href":"https:\/\/disciplinas.ime.unicamp.br\/ma141\/wp-json\/wp\/v2\/comments?post=2"}],"version-history":[{"count":3,"href":"https:\/\/disciplinas.ime.unicamp.br\/ma141\/wp-json\/wp\/v2\/pages\/2\/revisions"}],"predecessor-version":[{"id":397,"href":"https:\/\/disciplinas.ime.unicamp.br\/ma141\/wp-json\/wp\/v2\/pages\/2\/revisions\/397"}],"wp:attachment":[{"href":"https:\/\/disciplinas.ime.unicamp.br\/ma141\/wp-json\/wp\/v2\/media?parent=2"}],"curies":[{"name":"wp","href":"https:\/\/api.w.org\/{rel}","templated":true}]}}