{"id":13,"date":"2023-08-28T14:04:18","date_gmt":"2023-08-28T17:04:18","guid":{"rendered":"https:\/\/disciplinas.ime.unicamp.br\/ma311\/?page_id=13"},"modified":"2023-08-28T14:04:18","modified_gmt":"2023-08-28T17:04:18","slug":"turmas-e-docentes","status":"publish","type":"page","link":"https:\/\/disciplinas.ime.unicamp.br\/ma311\/turmas-e-docentes\/","title":{"rendered":"Turmas e Docentes"},"content":{"rendered":"\n<figure class=\"wp-block-table\"><table><thead><tr><th>Turma<\/th><th>Dia<\/th><th>Hor\u00e1rio<\/th><th>Sala<\/th><th>Professor \/ PED<\/th><\/tr><\/thead><tbody><tr><td rowspan=\"3\">C<\/td><td>2a.<\/td><td rowspan=\"3\">08:00 \u00e0s 10:00<\/td><td>&nbsp;<\/td><td rowspan=\"2\">Yuri Dimitrov Bozhkov<\/td><\/tr><tr><td>4a.<\/td><td>&nbsp;<\/td><\/tr><tr><td>6a.<\/td><td>&nbsp;<\/td><td>Juan Carlos Manzur Villa<\/td><\/tr><tr><td rowspan=\"3\">D<\/td><td>2a.<\/td><td rowspan=\"3\">08:00 \u00e0s 10:00<\/td><td>&nbsp;<\/td><td rowspan=\"2\">Yuri Dimitrov Bozhkov<\/td><\/tr><tr><td>4a.<\/td><td>&nbsp;<\/td><\/tr><tr><td>6a.<\/td><td>&nbsp;<\/td><td>Gilberto Brito de Almeida Filho<\/td><\/tr><tr><td rowspan=\"2\">F<\/td><td>2a. \/ 4a.<\/td><td rowspan=\"2\">08:00 \u00e0s 10:00<\/td><td>&nbsp;<\/td><td>Eduardo C. de Abreu<\/td><\/tr><tr><td>6a.<\/td><td>&nbsp;<\/td><td>Joan Sebasti\u00e1n Gait\u00e1n Rivera<\/td><\/tr><tr><td rowspan=\"2\">G<\/td><td>2a. \/ 4a.<\/td><td rowspan=\"2\">08:00 \u00e0s 10:00<\/td><td>&nbsp;<\/td><td>&nbsp;Eduardo C. de Abreu<\/td><\/tr><tr><td>6a.<\/td><td>&nbsp;<\/td><td>Jonatan Andres Gomez Parada<\/td><\/tr><tr><td rowspan=\"3\">I<\/td><td>2a.<\/td><td rowspan=\"3\">08:00 \u00e0s 10:00<\/td><td>&nbsp;<\/td><td rowspan=\"2\">Christian Horacio Olivera<\/td><\/tr><tr><td>4a.<\/td><td>&nbsp;<\/td><\/tr><tr><td>6a.<\/td><td>&nbsp;<\/td><td>Danilo Andr\u00e9s Garc\u00eda Hern\u00e1ndez<\/td><\/tr><tr><td rowspan=\"3\">J<\/td><td>2a.<\/td><td rowspan=\"3\">08:00 \u00e0s 10:00<\/td><td>&nbsp;<\/td><td rowspan=\"2\">Christian Horacio Olivera<\/td><\/tr><tr><td>4a.<\/td><td>&nbsp;<\/td><\/tr><tr><td>6a.<\/td><td>&nbsp;<\/td><td>Fernando S\u00f4nego de Toledo<\/td><\/tr><tr><td rowspan=\"3\">L<\/td><td>2a.<\/td><td rowspan=\"3\">08:00 \u00e0s 10:00<\/td><td>&nbsp;<\/td><td rowspan=\"2\">Sergio Antonio Tozoni<\/td><\/tr><tr><td>4a.<\/td><td>&nbsp;<\/td><\/tr><tr><td>6a.<\/td><td>&nbsp;<\/td><td>Leandro Afonso da Silva<\/td><\/tr><tr><td rowspan=\"3\">M<\/td><td>2a.<\/td><td rowspan=\"3\">08:00 \u00e0s 10:00<\/td><td>&nbsp;<\/td><td rowspan=\"2\">Sergio Antonio Tozoni<\/td><\/tr><tr><td>4a.<\/td><td>&nbsp;<\/td><\/tr><tr><td>6a.<\/td><td>&nbsp;<\/td><td>Thaylon Souza de Oliveira<\/td><\/tr><tr><td rowspan=\"2\">P<\/td><td>2a. \/ 4a.<\/td><td rowspan=\"2\">14:00 \u00e0s 16:00<\/td><td>&nbsp;<\/td><td>Bianca M. R Calsavara<\/td><\/tr><tr><td>6a.<\/td><td>&nbsp;<\/td><td>Danilo Andr\u00e9s Garc\u00eda Hern\u00e1ndez<\/td><\/tr><tr><td rowspan=\"2\">Q<\/td><td>2a. \/ 4a.<\/td><td rowspan=\"2\">14:00 \u00e0s 16:00<\/td><td>&nbsp;<\/td><td>Bianca M. R Calsavara<\/td><\/tr><tr><td>6a.<\/td><td>&nbsp;<\/td><td>Fernando S\u00f4nego de Toledo<\/td><\/tr><tr><td rowspan=\"2\">R<\/td><td>2a.\/ 4a.<\/td><td rowspan=\"2\">14:00 \u00e0s 16:00<\/td><td>&nbsp;<\/td><td>Sergio Antonio Tozoni<\/td><\/tr><tr><td>6a.<\/td><td>&nbsp;<\/td><td>Leandro Afonso da Silva<\/td><\/tr><tr><td rowspan=\"2\">S<\/td><td>2a.\/ 4a.<\/td><td rowspan=\"2\">14:00 \u00e0s 16:00<\/td><td>&nbsp;<\/td><td>Sergio Antonio Tozoni<\/td><\/tr><tr><td>6a.<\/td><td>&nbsp;<\/td><td>Thaylon Souza de Oliveira<\/td><\/tr><tr><td rowspan=\"3\">T<\/td><td>2a.<\/td><td>19:00 \u00e0s 21:00<\/td><td>&nbsp;<\/td><td rowspan=\"2\">Bianca M. R. Calsavara<\/td><\/tr><tr><td>4a.<\/td><td>21:00 \u00e0s 23:00<\/td><td>&nbsp;<\/td><\/tr><tr><td>6a.<\/td><td>19:00 \u00e0s 21:00<\/td><td>&nbsp;<\/td><td>Juan Carlos Manzur Villa<\/td><\/tr><tr><td rowspan=\"3\">U<\/td><td>2a.<\/td><td>19:00 \u00e0s 21:00<\/td><td>&nbsp;<\/td><td rowspan=\"2\">Bianca M. R. Calsavara<\/td><\/tr><tr><td>4a.<\/td><td>21:00 \u00e0s 23:00<\/td><td>&nbsp;<\/td><\/tr><tr><td>6a.<\/td><td>19:00 \u00e0s 21:00<\/td><td>&nbsp;<\/td><td>Gilberto Brito de Almeida Filho<\/td><\/tr><tr><td rowspan=\"3\">W<\/td><td>2a.<\/td><td>19:00 \u00e0s 21:00<\/td><td>&nbsp;<\/td><td rowspan=\"2\">Roberto de Almeida Prado<\/td><\/tr><tr><td>4a.<\/td><td>21:00 \u00e0s 23:00<\/td><td>&nbsp;<\/td><\/tr><tr><td>6a.<\/td><td>19:00 \u00e0s 21:00<\/td><td>&nbsp;<\/td><td>Joan Sebasti\u00e1n Gait\u00e1n Rivera<\/td><\/tr><tr><td rowspan=\"3\">X<\/td><td>2a.<\/td><td>19:00 \u00e0s 21:00<\/td><td>&nbsp;<\/td><td rowspan=\"2\">&nbsp;<br>Roberto de Almeida Prado<\/td><\/tr><tr><td>4a.<\/td><td>21:00 \u00e0s 23:00<\/td><td>&nbsp;<\/td><\/tr><tr><td>6a.<\/td><td>19:00 \u00e0s 21:00<\/td><td>&nbsp;<\/td><td>Alvaro Enrique Machado Hernandez<\/td><\/tr><\/tbody><\/table><\/figure>\n","protected":false},"excerpt":{"rendered":"<p>Turma Dia Hor\u00e1rio Sala Professor \/ PED C 2a. 08:00 \u00e0s 10:00 &nbsp; Yuri Dimitrov Bozhkov 4a. &nbsp; 6a. &nbsp; Juan Carlos Manzur Villa D 2a. 08:00 \u00e0s 10:00 &nbsp; Yuri Dimitrov Bozhkov 4a. &nbsp; 6a. &nbsp; Gilberto Brito de Almeida Filho F 2a. \/ 4a. 08:00 \u00e0s 10:00 &nbsp; Eduardo C. de Abreu 6a. [&hellip;]<\/p>\n","protected":false},"author":10,"featured_media":0,"parent":0,"menu_order":0,"comment_status":"closed","ping_status":"closed","template":"","meta":{"footnotes":""},"class_list":["post-13","page","type-page","status-publish","hentry"],"_links":{"self":[{"href":"https:\/\/disciplinas.ime.unicamp.br\/ma311\/wp-json\/wp\/v2\/pages\/13","targetHints":{"allow":["GET"]}}],"collection":[{"href":"https:\/\/disciplinas.ime.unicamp.br\/ma311\/wp-json\/wp\/v2\/pages"}],"about":[{"href":"https:\/\/disciplinas.ime.unicamp.br\/ma311\/wp-json\/wp\/v2\/types\/page"}],"author":[{"embeddable":true,"href":"https:\/\/disciplinas.ime.unicamp.br\/ma311\/wp-json\/wp\/v2\/users\/10"}],"replies":[{"embeddable":true,"href":"https:\/\/disciplinas.ime.unicamp.br\/ma311\/wp-json\/wp\/v2\/comments?post=13"}],"version-history":[{"count":1,"href":"https:\/\/disciplinas.ime.unicamp.br\/ma311\/wp-json\/wp\/v2\/pages\/13\/revisions"}],"predecessor-version":[{"id":14,"href":"https:\/\/disciplinas.ime.unicamp.br\/ma311\/wp-json\/wp\/v2\/pages\/13\/revisions\/14"}],"wp:attachment":[{"href":"https:\/\/disciplinas.ime.unicamp.br\/ma311\/wp-json\/wp\/v2\/media?parent=13"}],"curies":[{"name":"wp","href":"https:\/\/api.w.org\/{rel}","templated":true}]}}