{"id":21,"date":"2023-08-28T14:13:06","date_gmt":"2023-08-28T17:13:06","guid":{"rendered":"https:\/\/disciplinas.ime.unicamp.br\/ma311\/?page_id=21"},"modified":"2023-08-28T14:55:19","modified_gmt":"2023-08-28T17:55:19","slug":"cronograma","status":"publish","type":"page","link":"https:\/\/disciplinas.ime.unicamp.br\/ma311\/cronograma\/","title":{"rendered":"Cronograma"},"content":{"rendered":"\n<figure class=\"wp-block-table\"><table><tbody><tr><td><strong>Assunto<\/strong><\/td><td><strong>Dia<\/strong><\/td><td><strong>Data<\/strong><\/td><\/tr><tr><td>Introdu\u00e7\u00e3o; Motiva\u00e7\u00e3o; Classifica\u00e7\u00e3o das Equa\u00e7\u00f5es Diferenciais;<br>Equa\u00e7\u00f5es Lineares de 1\u00aa Ordem<br>M\u00e9todo dos Fatores Integrantes<\/td><td>Segunda<\/td><td>15-mar<\/td><\/tr><tr><td>Equa\u00e7\u00f5es Separ\u00e1veis; M\u00e9todos de Substitui\u00e7\u00e3o; Bernoulli<\/td><td>Quarta<\/td><td>17-mar<\/td><\/tr><tr><td>&nbsp;<\/td><td>Sexta<\/td><td>19-mar<\/td><\/tr><tr><td>Equa\u00e7\u00f5es Exatas. Fatores Integrantes<\/td><td>Segunda<\/td><td>22-mar<\/td><\/tr><tr><td>Teorema de Exist\u00eancia e Unicidade; Redu\u00e7\u00e3o a primeira ordem y&#8221;=F(x,y&#8217;) e y&#8221;=F(y,y&#8217;)<\/td><td>Quarta<\/td><td>24-mar<\/td><\/tr><tr><td>&nbsp;<\/td><td>Sexta<\/td><td>26-mar<\/td><\/tr><tr><td>EDO Linear de 2a. Ordem; Wronskiano<\/td><td>Segunda<\/td><td>29-mar<\/td><\/tr><tr><td>&nbsp;Equa\u00e7\u00f5es Lineares Homog\u00eaneas de Coeficientes Constantes: Ra\u00edzes reais distintas; ra\u00edzes complexas e ra\u00edzes repetidas<\/td><td>Quarta<\/td><td>31-mar<\/td><\/tr><tr><td>N\u00e3o haver\u00e1 atividades<\/td><td>Sexta<\/td><td>2-abr<\/td><\/tr><tr><td>Redu\u00e7\u00e3o de Ordem e Equa\u00e7\u00f5es de Euler<\/td><td>Segunda<\/td><td>5-abr<\/td><\/tr><tr><td>M\u00e9todo dos Coeficientes Indeterminados<\/td><td>Quarta<\/td><td>7-abr<\/td><\/tr><tr><td>&nbsp;<\/td><td>Sexta<\/td><td>9-abr<\/td><\/tr><tr><td>Equa\u00e7\u00f5es N\u00e3o-Homog\u00eaneas- Varia\u00e7\u00e3o de Par\u00e2metros<\/td><td>Segunda<\/td><td>12-abr<\/td><\/tr><tr><td>Defini\u00e7\u00e3o da transformada de Laplace e c\u00e1lculo de transformadas (tabela)<\/td><td>Quarta<\/td><td>14-abr<\/td><\/tr><tr><td>&nbsp;<\/td><td>Sexta<\/td><td>16-abr<\/td><\/tr><tr><td>Transformada da derivada e da integral; fra\u00e7\u00f5es parciais; transla\u00e7\u00e3o em s.<\/td><td>Segunda<\/td><td>19-abr<\/td><\/tr><tr><td>N\u00e3o haver\u00e1 atividades<\/td><td>Quarta<\/td><td>21-abr<\/td><\/tr><tr><td>&nbsp;<\/td><td>Sexta<\/td><td>23-abr<\/td><\/tr><tr><td>Derivada e integral da transformada; integral de convolu\u00e7\u00e3o; fun\u00e7\u00f5es peri\u00f3dicas<\/td><td>Segunda<\/td><td>26-abr<\/td><\/tr><tr><td>Equa\u00e7\u00f5es sob a\u00e7\u00e3o de fun\u00e7\u00f5es descont\u00ednuas; fun\u00e7\u00e3o degrau; transla\u00e7\u00e3o em t<\/td><td>Quarta<\/td><td>28-abr<\/td><\/tr><tr><td>&nbsp;<\/td><td>Sexta<\/td><td>30-abr<\/td><\/tr><tr><td>Fun\u00e7\u00e3o Impulso; Delta de Dirac; PVI&#8217;s<\/td><td>Segunda<\/td><td>3-mai<\/td><\/tr><tr><td>Revis\u00e3o para Prova<\/td><td>&nbsp;<\/td><td>&nbsp;<\/td><\/tr><tr><td><strong>PROVA 1 &#8211; ONLINE<\/strong><\/td><td>Sexta<\/td><td>7-mai<\/td><\/tr><tr><td>Sequencias Num\u00e9ricas<\/td><td>Segunda<\/td><td>10-mai<\/td><\/tr><tr><td>&nbsp;S\u00e9ries Num\u00e9ricas \u2013 S\u00e9rie Geom\u00e9trica; Testes de Converg\u00eancia<\/td><td>Quarta<\/td><td>12-mai<\/td><\/tr><tr><td>&nbsp;<\/td><td>Sexta<\/td><td>14-mai<\/td><\/tr><tr><td>S\u00e9ries Alternadas; S\u00e9ries de Pot\u00eancias<\/td><td>Segunda<\/td><td>17-mai<\/td><\/tr><tr><td>S\u00e9ries de Pot\u00eancias<\/td><td>Quarta<\/td><td>19-mai<\/td><\/tr><tr><td>&nbsp;<\/td><td>Sexta<\/td><td>21-mai<\/td><\/tr><tr><td>Avalia\u00e7\u00e3o de curso<\/td><td>Segunda<\/td><td>24-mai<\/td><\/tr><tr><td>Solu\u00e7\u00e3o em S\u00e9rie; Ponto Ordin\u00e1rio<\/td><td>Quarta<\/td><td>26-mai<\/td><\/tr><tr><td>&nbsp;<\/td><td>Sexta<\/td><td>28-mai<\/td><\/tr><tr><td>Solu\u00e7\u00e3o em S\u00e9rie Ponto Ordin\u00e1rio -REVIS\u00c3O<\/td><td>Segunda<\/td><td>31-mai<\/td><\/tr><tr><td>Solu\u00e7\u00e3o em S\u00e9rie Ponto Singular Regular<\/td><td>Quarta<\/td><td>2-jun<\/td><\/tr><tr><td>N\u00e3o haver\u00e1 atividades<\/td><td>Sexta<\/td><td>4-jun<\/td><\/tr><tr><td>Solu\u00e7\u00e3o em S\u00e9rie Ponto Singular Regular<\/td><td>Segunda<\/td><td>7-jun<\/td><\/tr><tr><td>Sistemas de Equa\u00e7\u00f5es Lineares ; Teoria B\u00e1sica de Sistemas de Equa\u00e7\u00f5es<br>Coeficientes Constantes \u2013 Autovalores Reais<\/td><td>Quarta<\/td><td>9-jun<\/td><\/tr><tr><td>&nbsp;<\/td><td>Sexta<\/td><td>11-jun<\/td><\/tr><tr><td>Sistemas de Equa\u00e7\u00f5es Lineares Homog\u00eaneas; Autovalores Complexos<\/td><td>Segunda<\/td><td>14-jun<\/td><\/tr><tr><td>Autovalores Repetidos; Sistemas n\u00e3o-homog\u00eaneos via Varia\u00e7\u00e3o de Par\u00e2metros<\/td><td>Quarta<\/td><td>16-jun<\/td><\/tr><tr><td>&nbsp;<\/td><td>Sexta<\/td><td>18-jun<\/td><\/tr><tr><td>S\u00e9ries de Fourier&nbsp;<\/td><td>Segunda<\/td><td>21-jun<\/td><\/tr><tr><td>Fun\u00e7\u00f5es Pares e \u00cdmpares; Extens\u00e3o peri\u00f3dica<\/td><td>Quarta<\/td><td>23-jun<\/td><\/tr><tr><td>&nbsp;<\/td><td>Sexta<\/td><td>25-jun<\/td><\/tr><tr><td>Separa\u00e7\u00e3o de Vari\u00e1veis; Equa\u00e7\u00e3o do Calor<\/td><td>Segunda<\/td><td>28-jun<\/td><\/tr><tr><td>Separa\u00e7\u00e3o de Vari\u00e1veis; Equa\u00e7\u00e3o da Onda<\/td><td>Quarta<\/td><td>30-jun<\/td><\/tr><tr><td>&nbsp;<\/td><td>Sexta<\/td><td>2-jul<\/td><\/tr><tr><td><strong>PROVA 2 &#8211; ONLINE<\/strong><\/td><td>Segunda<\/td><td>5-jul<\/td><\/tr><tr><td>&nbsp;<\/td><td>Quarta<\/td><td>7-jul<\/td><\/tr><tr><td>N\u00e3o haver\u00e1 atividades<\/td><td>Sexta<\/td><td>9-jul<\/td><\/tr><tr><td>SEMANA DE ESTUDOS<\/td><td colspan=\"2\">12 a 17 de julho<\/td><\/tr><tr><td><strong>EXAME FINAL<\/strong><\/td><td>Segunda<\/td><td>19-jul<\/td><\/tr><\/tbody><\/table><\/figure>\n","protected":false},"excerpt":{"rendered":"<p>Assunto Dia Data Introdu\u00e7\u00e3o; Motiva\u00e7\u00e3o; Classifica\u00e7\u00e3o das Equa\u00e7\u00f5es Diferenciais;Equa\u00e7\u00f5es Lineares de 1\u00aa OrdemM\u00e9todo dos Fatores Integrantes Segunda 15-mar Equa\u00e7\u00f5es Separ\u00e1veis; M\u00e9todos de Substitui\u00e7\u00e3o; Bernoulli Quarta 17-mar &nbsp; Sexta 19-mar Equa\u00e7\u00f5es Exatas. Fatores Integrantes Segunda 22-mar Teorema de Exist\u00eancia e Unicidade; Redu\u00e7\u00e3o a primeira ordem y&#8221;=F(x,y&#8217;) e y&#8221;=F(y,y&#8217;) Quarta 24-mar &nbsp; Sexta 26-mar EDO Linear de [&hellip;]<\/p>\n","protected":false},"author":10,"featured_media":0,"parent":0,"menu_order":0,"comment_status":"closed","ping_status":"closed","template":"","meta":{"footnotes":""},"class_list":["post-21","page","type-page","status-publish","hentry"],"_links":{"self":[{"href":"https:\/\/disciplinas.ime.unicamp.br\/ma311\/wp-json\/wp\/v2\/pages\/21","targetHints":{"allow":["GET"]}}],"collection":[{"href":"https:\/\/disciplinas.ime.unicamp.br\/ma311\/wp-json\/wp\/v2\/pages"}],"about":[{"href":"https:\/\/disciplinas.ime.unicamp.br\/ma311\/wp-json\/wp\/v2\/types\/page"}],"author":[{"embeddable":true,"href":"https:\/\/disciplinas.ime.unicamp.br\/ma311\/wp-json\/wp\/v2\/users\/10"}],"replies":[{"embeddable":true,"href":"https:\/\/disciplinas.ime.unicamp.br\/ma311\/wp-json\/wp\/v2\/comments?post=21"}],"version-history":[{"count":3,"href":"https:\/\/disciplinas.ime.unicamp.br\/ma311\/wp-json\/wp\/v2\/pages\/21\/revisions"}],"predecessor-version":[{"id":56,"href":"https:\/\/disciplinas.ime.unicamp.br\/ma311\/wp-json\/wp\/v2\/pages\/21\/revisions\/56"}],"wp:attachment":[{"href":"https:\/\/disciplinas.ime.unicamp.br\/ma311\/wp-json\/wp\/v2\/media?parent=21"}],"curies":[{"name":"wp","href":"https:\/\/api.w.org\/{rel}","templated":true}]}}