{"id":26,"date":"2025-08-04T11:18:19","date_gmt":"2025-08-04T14:18:19","guid":{"rendered":"https:\/\/disciplinas.ime.unicamp.br\/ma327\/?page_id=26"},"modified":"2025-08-04T11:18:50","modified_gmt":"2025-08-04T14:18:50","slug":"exercicios","status":"publish","type":"page","link":"https:\/\/disciplinas.ime.unicamp.br\/ma327\/exercicios\/","title":{"rendered":"Exerc\u00edcios"},"content":{"rendered":"\n<p>Abaixo as listas da disciplina. Nem todos os exerc\u00edcios precisam ser resolvidos. No entanto recomendo que cada discente tenha, no m\u00ednimo, uma ideia de como \u00e9 feita a resolu\u00e7\u00e3o. Os exerc\u00edcios propostos s\u00e3o os m\u00ednimos recomend\u00e1dos. Aqueles que desejem se exercitar melhor para a disciplina podem resolver a exercita\u00e7\u00e3o sugerida do t\u00f3pico desejado em qualquer um dos livros propostos na bibliografia.<\/p>\n\n\n\n<p><a href=\"\/ma327\/wp-content\/uploads\/sites\/11\/2025\/08\/Lista-Exercicios_MA327.pdf\">&#8211; Lista de Exerc\u00edcios<\/a><\/p>\n\n\n\n<p><\/p>\n","protected":false},"excerpt":{"rendered":"<p>Abaixo as listas da disciplina. Nem todos os exerc\u00edcios precisam ser resolvidos. No entanto recomendo que cada discente tenha, no m\u00ednimo, uma ideia de como \u00e9 feita a resolu\u00e7\u00e3o. Os exerc\u00edcios propostos s\u00e3o os m\u00ednimos recomend\u00e1dos. Aqueles que desejem se exercitar melhor para a disciplina podem resolver a exercita\u00e7\u00e3o sugerida do t\u00f3pico desejado em qualquer [&hellip;]<\/p>\n","protected":false},"author":1,"featured_media":0,"parent":0,"menu_order":0,"comment_status":"closed","ping_status":"closed","template":"","meta":{"footnotes":""},"class_list":["post-26","page","type-page","status-publish","hentry"],"_links":{"self":[{"href":"https:\/\/disciplinas.ime.unicamp.br\/ma327\/wp-json\/wp\/v2\/pages\/26","targetHints":{"allow":["GET"]}}],"collection":[{"href":"https:\/\/disciplinas.ime.unicamp.br\/ma327\/wp-json\/wp\/v2\/pages"}],"about":[{"href":"https:\/\/disciplinas.ime.unicamp.br\/ma327\/wp-json\/wp\/v2\/types\/page"}],"author":[{"embeddable":true,"href":"https:\/\/disciplinas.ime.unicamp.br\/ma327\/wp-json\/wp\/v2\/users\/1"}],"replies":[{"embeddable":true,"href":"https:\/\/disciplinas.ime.unicamp.br\/ma327\/wp-json\/wp\/v2\/comments?post=26"}],"version-history":[{"count":2,"href":"https:\/\/disciplinas.ime.unicamp.br\/ma327\/wp-json\/wp\/v2\/pages\/26\/revisions"}],"predecessor-version":[{"id":30,"href":"https:\/\/disciplinas.ime.unicamp.br\/ma327\/wp-json\/wp\/v2\/pages\/26\/revisions\/30"}],"wp:attachment":[{"href":"https:\/\/disciplinas.ime.unicamp.br\/ma327\/wp-json\/wp\/v2\/media?parent=26"}],"curies":[{"name":"wp","href":"https:\/\/api.w.org\/{rel}","templated":true}]}}