{"id":2,"date":"2023-08-28T10:27:52","date_gmt":"2023-08-28T13:27:52","guid":{"rendered":"https:\/\/disciplinas.ime.unicamp.br\/ma521\/?page_id=2"},"modified":"2023-08-28T11:26:38","modified_gmt":"2023-08-28T14:26:38","slug":"pagina-exemplo","status":"publish","type":"page","link":"https:\/\/disciplinas.ime.unicamp.br\/ma521\/","title":{"rendered":"Bem-vindo(a) ao site de Geometria Plana!"},"content":{"rendered":"\n<h2 class=\"wp-block-heading\">Informa\u00e7\u00f5es importantes<\/h2>\n\n\n\n<h3 class=\"wp-block-heading\">Sobre a disciplina<\/h3>\n\n\n\n<p>Informa\u00e7\u00f5es em breve!<\/p>\n\n\n\n<h3 class=\"wp-block-heading\">Datas das provas<\/h3>\n\n\n\n<p>Datas em breve!<\/p>\n\n\n\n<ul class=\"wp-block-list\">\n<li>Prova 1: 02\/10<\/li>\n\n\n\n<li>Prova 2: 27\/11<\/li>\n\n\n\n<li>Exame: 11\/12<\/li>\n<\/ul>\n\n\n\n<h3 class=\"wp-block-heading\">Ementa<\/h3>\n\n\n\n<p><strong>EMENTA MA520: <\/strong>Tratamento axiom\u00e1tico da geometria euclidiana plana. Introdu\u00e7\u00e3o \u00e0s geometrias n\u00e3o euclidianas. Isometrias no plano. Desenho geom\u00e9trico. T\u00f3picos da hist\u00f3ria da geometria.<\/p>\n\n\n\n<p><strong><strong>EMENTA MA521: <\/strong><\/strong>Os 5 postulados de Euclides; no\u00e7\u00f5es comuns da geometria; constru\u00e7\u00f5es com r\u00e9gua e compasso; cr\u00edtica das no\u00e7\u00f5es comuns. Os axiomas de Hilbert: incid\u00eancia; ordem e teorema de Pasch; congru\u00eancia de segmentos e \u00e2ngulos; paralelas; continuidade e completude. Corpos de segmentos: soma por concatena\u00e7\u00e3o, multiplica\u00e7\u00e3o via paralelismo, n\u00fameros construt\u00edveis, semelhan\u00e7a de tri\u00e2ngulos; a propriedade do supremo.<\/p>\n\n\n\n<h3 class=\"wp-block-heading\">Bibliografia<\/h3>\n\n\n\n<ul class=\"wp-block-list\">\n<li>E. Q. F. Rezende &amp; M. L. B. Queiroz &#8211; Geometria euclidiana plana e constru\u00e7\u00f5es geom\u00e9tricas, Campinas, SP: Editora da Unicamp; S\u00e3o Paulo, SP, 2008.<\/li>\n\n\n\n<li>&nbsp;R. Hartshorne &#8211; Geometry: Euclid and Beyond, Springer 2000<\/li>\n\n\n\n<li>J. L. M. Barbosa- Geometria euclidiana plana, 10 ed. Rio de Janeiro: SBM, 2006.<\/li>\n\n\n\n<li>B. Castrucci &#8211; Fundamentos da geometria: estudo axiom\u00e1tico do plano euclidiano. Rio de Janeiro : Livros T\u00e9cnicos e Cient\u00edficos, 1978.&nbsp;<\/li>\n<\/ul>\n\n\n\n<p><a href=\"https:\/\/disciplinas.ime.unicamp.br\/ma521\/bibliografia-e-materiais-complementares\/\">Veja mais informa\u00e7\u00f5es sobre bibliografia e materiais complementares aqui.<\/a><\/p>\n\n\n\n<h3 class=\"wp-block-heading\">Atendimento<\/h3>\n\n\n\n<p><a href=\"https:\/\/disciplinas.ime.unicamp.br\/ma521\/atendimentos\/\">Confira aqui&nbsp;<\/a>os hor\u00e1rios dos atendimentos de d\u00favidas dos PEDs e PADs.<\/p>\n","protected":false},"excerpt":{"rendered":"<p>Informa\u00e7\u00f5es importantes Sobre a disciplina Informa\u00e7\u00f5es em breve! Datas das provas Datas em breve! Ementa EMENTA MA520: Tratamento axiom\u00e1tico da geometria euclidiana plana. Introdu\u00e7\u00e3o \u00e0s geometrias n\u00e3o euclidianas. Isometrias no plano. Desenho geom\u00e9trico. T\u00f3picos da hist\u00f3ria da geometria. EMENTA MA521: Os 5 postulados de Euclides; no\u00e7\u00f5es comuns da geometria; constru\u00e7\u00f5es com r\u00e9gua e compasso; cr\u00edtica [&hellip;]<\/p>\n","protected":false},"author":1,"featured_media":0,"parent":0,"menu_order":0,"comment_status":"closed","ping_status":"open","template":"","meta":{"footnotes":""},"class_list":["post-2","page","type-page","status-publish","hentry"],"_links":{"self":[{"href":"https:\/\/disciplinas.ime.unicamp.br\/ma521\/wp-json\/wp\/v2\/pages\/2","targetHints":{"allow":["GET"]}}],"collection":[{"href":"https:\/\/disciplinas.ime.unicamp.br\/ma521\/wp-json\/wp\/v2\/pages"}],"about":[{"href":"https:\/\/disciplinas.ime.unicamp.br\/ma521\/wp-json\/wp\/v2\/types\/page"}],"author":[{"embeddable":true,"href":"https:\/\/disciplinas.ime.unicamp.br\/ma521\/wp-json\/wp\/v2\/users\/1"}],"replies":[{"embeddable":true,"href":"https:\/\/disciplinas.ime.unicamp.br\/ma521\/wp-json\/wp\/v2\/comments?post=2"}],"version-history":[{"count":4,"href":"https:\/\/disciplinas.ime.unicamp.br\/ma521\/wp-json\/wp\/v2\/pages\/2\/revisions"}],"predecessor-version":[{"id":50,"href":"https:\/\/disciplinas.ime.unicamp.br\/ma521\/wp-json\/wp\/v2\/pages\/2\/revisions\/50"}],"wp:attachment":[{"href":"https:\/\/disciplinas.ime.unicamp.br\/ma521\/wp-json\/wp\/v2\/media?parent=2"}],"curies":[{"name":"wp","href":"https:\/\/api.w.org\/{rel}","templated":true}]}}