{"id":23,"date":"2023-08-28T11:02:10","date_gmt":"2023-08-28T14:02:10","guid":{"rendered":"https:\/\/disciplinas.ime.unicamp.br\/ma521\/?page_id=23"},"modified":"2023-08-28T11:02:10","modified_gmt":"2023-08-28T14:02:10","slug":"exercicios-recomendados","status":"publish","type":"page","link":"https:\/\/disciplinas.ime.unicamp.br\/ma521\/exercicios-recomendados\/","title":{"rendered":"Exerc\u00edcios recomendados"},"content":{"rendered":"\n<p>Em breve!<\/p>\n\n\n\n<figure class=\"wp-block-table is-style-stripes\"><table><thead><tr><th>Se\u00e7\u00e3o<\/th><th>P\u00e1gina <\/th><th>Exerc\u00edcios<\/th><\/tr><\/thead><tbody><tr><td><\/td><td><\/td><td><\/td><\/tr><tr><td><\/td><td><\/td><td><\/td><\/tr><\/tbody><\/table><\/figure>\n","protected":false},"excerpt":{"rendered":"<p>Em breve! Se\u00e7\u00e3o P\u00e1gina Exerc\u00edcios<\/p>\n","protected":false},"author":10,"featured_media":0,"parent":0,"menu_order":0,"comment_status":"closed","ping_status":"closed","template":"","meta":{"footnotes":""},"class_list":["post-23","page","type-page","status-publish","hentry"],"_links":{"self":[{"href":"https:\/\/disciplinas.ime.unicamp.br\/ma521\/wp-json\/wp\/v2\/pages\/23","targetHints":{"allow":["GET"]}}],"collection":[{"href":"https:\/\/disciplinas.ime.unicamp.br\/ma521\/wp-json\/wp\/v2\/pages"}],"about":[{"href":"https:\/\/disciplinas.ime.unicamp.br\/ma521\/wp-json\/wp\/v2\/types\/page"}],"author":[{"embeddable":true,"href":"https:\/\/disciplinas.ime.unicamp.br\/ma521\/wp-json\/wp\/v2\/users\/10"}],"replies":[{"embeddable":true,"href":"https:\/\/disciplinas.ime.unicamp.br\/ma521\/wp-json\/wp\/v2\/comments?post=23"}],"version-history":[{"count":1,"href":"https:\/\/disciplinas.ime.unicamp.br\/ma521\/wp-json\/wp\/v2\/pages\/23\/revisions"}],"predecessor-version":[{"id":24,"href":"https:\/\/disciplinas.ime.unicamp.br\/ma521\/wp-json\/wp\/v2\/pages\/23\/revisions\/24"}],"wp:attachment":[{"href":"https:\/\/disciplinas.ime.unicamp.br\/ma521\/wp-json\/wp\/v2\/media?parent=23"}],"curies":[{"name":"wp","href":"https:\/\/api.w.org\/{rel}","templated":true}]}}