{"id":44,"date":"2023-08-28T11:23:04","date_gmt":"2023-08-28T14:23:04","guid":{"rendered":"https:\/\/disciplinas.ime.unicamp.br\/ma521\/?page_id=44"},"modified":"2023-08-28T11:23:04","modified_gmt":"2023-08-28T14:23:04","slug":"bibliografia-e-materiais-complementares","status":"publish","type":"page","link":"https:\/\/disciplinas.ime.unicamp.br\/ma521\/bibliografia-e-materiais-complementares\/","title":{"rendered":"Bibliografia e materiais complementares"},"content":{"rendered":"\n<h3 class=\"wp-block-heading\">Bibliografia<\/h3>\n\n\n\n<ul class=\"wp-block-list\">\n<li>E. Q. F. Rezende &amp; M. L. B. Queiroz &#8211; Geometria euclidiana plana e constru\u00e7\u00f5es geom\u00e9tricas, Campinas, SP: Editora da Unicamp; S\u00e3o Paulo, SP, 2008.<\/li>\n\n\n\n<li>&nbsp;R. Hartshorne &#8211; Geometry: Euclid and Beyond, Springer 2000<\/li>\n\n\n\n<li>J. L. M. Barbosa- Geometria euclidiana plana, 10 ed. Rio de Janeiro: SBM, 2006.<\/li>\n\n\n\n<li>B. Castrucci &#8211; Fundamentos da geometria: estudo axiom\u00e1tico do plano euclidiano. Rio de Janeiro : Livros T\u00e9cnicos e Cient\u00edficos, 1978.&nbsp;<\/li>\n<\/ul>\n\n\n\n<h3 class=\"wp-block-heading\">Materiais complementares<\/h3>\n\n\n\n<p>Em breve!<\/p>\n","protected":false},"excerpt":{"rendered":"<p>Bibliografia Materiais complementares Em breve!<\/p>\n","protected":false},"author":10,"featured_media":0,"parent":0,"menu_order":0,"comment_status":"closed","ping_status":"closed","template":"","meta":{"footnotes":""},"class_list":["post-44","page","type-page","status-publish","hentry"],"_links":{"self":[{"href":"https:\/\/disciplinas.ime.unicamp.br\/ma521\/wp-json\/wp\/v2\/pages\/44","targetHints":{"allow":["GET"]}}],"collection":[{"href":"https:\/\/disciplinas.ime.unicamp.br\/ma521\/wp-json\/wp\/v2\/pages"}],"about":[{"href":"https:\/\/disciplinas.ime.unicamp.br\/ma521\/wp-json\/wp\/v2\/types\/page"}],"author":[{"embeddable":true,"href":"https:\/\/disciplinas.ime.unicamp.br\/ma521\/wp-json\/wp\/v2\/users\/10"}],"replies":[{"embeddable":true,"href":"https:\/\/disciplinas.ime.unicamp.br\/ma521\/wp-json\/wp\/v2\/comments?post=44"}],"version-history":[{"count":1,"href":"https:\/\/disciplinas.ime.unicamp.br\/ma521\/wp-json\/wp\/v2\/pages\/44\/revisions"}],"predecessor-version":[{"id":46,"href":"https:\/\/disciplinas.ime.unicamp.br\/ma521\/wp-json\/wp\/v2\/pages\/44\/revisions\/46"}],"wp:attachment":[{"href":"https:\/\/disciplinas.ime.unicamp.br\/ma521\/wp-json\/wp\/v2\/media?parent=44"}],"curies":[{"name":"wp","href":"https:\/\/api.w.org\/{rel}","templated":true}]}}