{"id":2,"date":"2023-08-28T10:28:54","date_gmt":"2023-08-28T13:28:54","guid":{"rendered":"https:\/\/disciplinas.ime.unicamp.br\/ms512\/?page_id=2"},"modified":"2023-08-31T09:12:06","modified_gmt":"2023-08-31T12:12:06","slug":"pagina-exemplo","status":"publish","type":"page","link":"https:\/\/disciplinas.ime.unicamp.br\/ms512\/","title":{"rendered":"Bem-vindo(a) ao site de An\u00e1lise Num\u00e9rica!"},"content":{"rendered":"\n<h2 class=\"wp-block-heading\" id=\"block-1b790af7-f031-4b5d-9045-d53f95ca2b77\">Informa\u00e7\u00f5es importantes<\/h2>\n\n\n\n<h3 class=\"wp-block-heading\" id=\"block-b8553ea2-1b72-4fbb-9cf4-ffafbe3b4daf\">Sobre a disciplina<\/h3>\n\n\n\n<p id=\"block-ef226c64-4fe3-46f0-8f69-51059bed59df\">Uma an\u00e1lise te\u00f3rica abrangente e abordagem de aspectos computacionais de m\u00e9todos num\u00e9ricos aplicados \u00e0 resolu\u00e7\u00e3o de sistemas lineares e n\u00e3o lineares, quadrados m\u00ednimos lineares e c\u00e1lculo de autovalores e autovetores. Introduzir os fundamentos matem\u00e1ticos dos m\u00e9todos num\u00e9ricos b\u00e1sicos utilizados na solu\u00e7\u00e3o (tipicamente aproximada) de modelos matem\u00e1ticos lineares Ax=b e n\u00e3o lineares F(x)=0, que surgem naturalmente nas ci\u00eancias puras e aplicadas, nas engenharias e em&nbsp;nosso dia-a-dia. Cumpre observar que a formula\u00e7\u00e3o e a constru\u00e7\u00e3o de tais m\u00e9todos num\u00e9ricos de aproxima\u00e7\u00e3o \u00e9 baseada em resultados matem\u00e1ticos rigorosos e, portanto, n\u00e3o s\u00e3o dependentes de uma linguagem de programa\u00e7\u00e3o particular.<\/p>\n\n\n\n<h3 class=\"wp-block-heading\">Uma vis\u00e3o sobre An\u00e1lise Num\u00e9rica:<\/h3>\n\n\n\n<p>An\u00e1lise num\u00e9rica combina elementos fundamentais da teoria matem\u00e1tica&nbsp;e de computa\u00e7\u00e3o cient\u00edfica para o tratamento de diversos problemas,&nbsp;tanto de interesse acad\u00eamico como de amplo uso dos setores produtivos&nbsp;e na ind\u00fastria. Uma perspectiva hist\u00f3ria sobre esse tema pode ser&nbsp;obtida no link seguinte:&nbsp;<a href=\"http:\/\/history.siam.org\/\" target=\"_blank\" rel=\"noreferrer noopener\">The History of Numerical Analysis and Scientific Computing<\/a>.<\/p>\n\n\n\n<h3 class=\"wp-block-heading\" id=\"block-1ea64b12-c8cd-4196-b9f4-730641cbc090\">Datas das provas<\/h3>\n\n\n\n<p id=\"block-ef08d723-6a78-4d31-9637-719d132104e4\">Datas em breve!<\/p>\n\n\n\n<ul class=\"wp-block-list\" id=\"block-f0a3aec6-a05e-43d2-a876-7d454ebe1a71\">\n<li>Prova 1: 27\/04 &#8211; T\u00f3picos da ementa: 1 a 4<\/li>\n\n\n\n<li>Prova 2: 29\/06 &#8211; T\u00f3picos da ementa: 5 a 8<\/li>\n\n\n\n<li>Segunda Chamada: 13\/07 &#8211; T\u00f3picos da ementa: 1 a 8<\/li>\n\n\n\n<li>Exame: 13\/07 &#8211; T\u00f3picos da ementa: 1 a 8<\/li>\n<\/ul>\n\n\n\n<h3 class=\"wp-block-heading\" id=\"block-2346fd38-46f5-4906-88b1-a7438eca23a9\">Ementa<\/h3>\n\n\n\n<p><strong>\u00a0<a href=\"https:\/\/www.dac.unicamp.br\/portal\/caderno-de-horarios\/2023\/1\/S\/G\/IMECC\/MS512\" target=\"_blank\" rel=\"noreferrer noopener\">MS512 cat\u00e1logo unicamp<\/a><\/strong><\/p>\n\n\n\n<p>Fatora\u00e7\u00e3o de Choleski. Fatora\u00e7\u00f5es ortogonais. Quadrados m\u00ednimos lineares. Decomposi\u00e7\u00e3o em valores singulares. M\u00e9todos iterativos para resolu\u00e7\u00e3o de sistemas lineares. Introdu\u00e7\u00e3o \u00e0 resolu\u00e7\u00e3o de sistemas n\u00e3o-lineares. C\u00e1lculo de autovalores e autovetores<\/p>\n\n\n\n<h4 class=\"wp-block-heading\">Em t\u00f3picos:<\/h4>\n\n\n\n<p><strong>1.<\/strong>&nbsp;An\u00e1lise de Sensibilidade de Sistemas Lineares: Normas Consistentes em Espa\u00e7os de Vetores e de Matrizes. Defini\u00e7\u00e3o de n\u00famero de condi\u00e7\u00e3o.&nbsp;<\/p>\n\n\n\n<p><strong>2.<\/strong> Resolu\u00e7\u00e3o de sistemas lineares e an\u00e1lise &#8211; M\u00e9todos Diretos fatora\u00e7\u00e3o LU; fatora\u00e7\u00e3o Cholesky.<\/p>\n\n\n\n<p><strong>3.<\/strong> Resolu\u00e7\u00e3o de sistemas lineares e an\u00e1lise &#8211; M\u00e9todos iterativos e sua an\u00e1lise de converg\u00eancia (m\u00e9todos de Gauss-Jacobi, Gauss-Seidel e SOR; discuss\u00e3o do m\u00e9todo dos gradientes conjugados (formula\u00e7\u00e3o te\u00f3rica\/exata como um como m\u00e9todo direto e uso computacional em aritm\u00e9tica de ponto flutuante como um m\u00e9todo iterativo).<\/p>\n\n\n\n<p><strong>4.<\/strong> Quadrados m\u00ednimos lineares: coloca\u00e7\u00e3o do problema &#8211; m\u00e9todos Diretos: proje\u00e7\u00e3o ortogonal no espa\u00e7o coluna de uma matriz; Subespa\u00e7os Fundamentais de uma Matriz; m\u00e9todos de resolu\u00e7\u00e3o: equa\u00e7\u00f5es normais, fatora\u00e7\u00e3o Cholesky para m\u00ednimos quadrados. fatora\u00e7\u00f5es ortogonais: transforma\u00e7\u00f5es de Householder e transforma\u00e7\u00f5es de Givens. Decomposi\u00e7\u00e3o em valores singulares.<\/p>\n\n\n\n<p><strong>5.<\/strong> Quadrados m\u00ednimos lineares &#8211; m\u00e9todos iterativos&nbsp; fatora\u00e7\u00e3o QR (A decomposi\u00e7\u00e3o de Schur de uma dada matriz \u00e9 conhecida por ser calculada numericamente pelo algoritmo QR e suas variantes); decomposi\u00e7\u00e3o SVD (Singular Value Decomposition).<\/p>\n\n\n\n<p><strong>6.<\/strong> C\u00e1lculo de autovalores e autovetores para matrizes sim\u00e9tricas: Decomposi\u00e7\u00e3o de Schur, Equa\u00e7\u00e3o de Sylvester e Decomposi\u00e7\u00e3o Espectral. Teorema Espectral. m\u00e9todo das pot\u00eancias e m\u00e9todo QR.<\/p>\n\n\n\n<p><strong>7. <\/strong>Introdu\u00e7\u00e3o \u00e0 resolu\u00e7\u00e3o de sistemas n\u00e3o lineares: O m\u00e9todo de Newton;<\/p>\n\n\n\n<p><strong>8.<\/strong> Variantes do m\u00e9todo de Newton (por exemplo, os m\u00e9todos de Krylov e de Broyden).<\/p>\n\n\n\n<h3 class=\"wp-block-heading\">Programa:<\/h3>\n\n\n\n<p>Uma an\u00e1lise te\u00f3rica abrangente e abordagem de aspectos computacionais de m\u00e9todos num\u00e9ricos aplicados \u00e0 resolu\u00e7\u00e3o de sistemas lineares e n\u00e3o lineares, quadrados m\u00ednimos lineares e c\u00e1lculo de autovalores e autovetores. Na an\u00e1lise te\u00f3rica ser\u00e3o utilizados conceitos de c\u00e1lculo diferencial e integral e \u00e1lgebra matricial. Todos os t\u00f3picos dever\u00e3o ser acompanhados de exerc\u00edcios e projetos computacionais que utilizar\u00e3o um software matem\u00e1tico, em particular o MatLab (em particular, sobre o MatLab, fica o entendimento de ser apenas mais um \u201csoftware matem\u00e1tico\u201d entre muitos outros de bom n\u00edvel acad\u00eamico, tais como: Maple, Mathematica Matlab, Octave e o Scilab). Evidentemente, em oposi\u00e7\u00e3o aos \u201csoftwares matem\u00e1ticos\u201d previamente listados como exemplo, s\u00e3o tamb\u00e9m de reconhecida qualidade as Linguagens de Programa\u00e7\u00e3o Baixo n\u00edvel, tais com Pascal, C e FORTRAN (FORTRAN \u00e9 um acr\u00f4nimo da express\u00e3o IBM Mathematical FORmula TRANslation System).<\/p>\n\n\n\n<h3 class=\"wp-block-heading\" id=\"block-766723ab-11f9-41e5-a61e-1f748bcc8c09\">Bibliografia<\/h3>\n\n\n\n<p><strong>obs: Todas est\u00e3o dispon\u00edveis na Biblioteca do IMECC<\/strong><\/p>\n\n\n\n<ul class=\"wp-block-list\" id=\"block-5f4223b2-6833-4b66-ae9a-b05143b94555\">\n<li>D. S. Watkins, Fundamentals of Matrix Computations, New Jersey: John Wiley &amp; Sons, 2 ed., 2002 (3 ed., 2010).<\/li>\n\n\n\n<li>P. Pulino, Algebra Linear e suas Aplica\u00e7\u00f5es: Notas de Aula, IMECC, UNICAMP, Janeiro de 2015&nbsp;<a href=\"http:\/\/www.ime.unicamp.br\/~pulino\/ALESA\/\"><u>http:\/\/www.ime.unicamp.br\/~pulino\/ALESA\/<\/u><\/a>.<\/li>\n\n\n\n<li>C.T. Kelley, Iterative methods for linear and nonlinear equations, Philadelphia, PA &#8211; SIAM, 1995. S\u00e9rie (Frontiers in applied mathematics; v. 16).<\/li>\n\n\n\n<li>M. C. Cunha, M\u00e9todos Num\u00e9ricos, Campinas: Editora da Unicamp, 2 ed. revista e ampliada, 2000.<\/li>\n\n\n\n<li>C. D. Meyer, Matrix Analysis and Applied Linear Algebra, Philadelphia: SIAM, 2000.<\/li>\n\n\n\n<li>B. Noble &amp; J.W. Daniel, Applied Linear Algebra, Englewood Cliffs, NJ: Prentice-Hall, 3 ed., 1988.<\/li>\n\n\n\n<li>G.H.Golub and C.F.van Loan, Matrix Computations, 3.ed. The Johns Hopkins University Press.<\/li>\n\n\n\n<li>G.E.Forsythe and B.C.Moler, Computer Solution of Linear Algebra Systems, Prentice-Hall, 1967.<\/li>\n\n\n\n<li>H. Anton e R. C. Busby \u2013 Algebra Linear Contempor\u00e2nea, Bookman, 2006.<\/li>\n\n\n\n<li>L. N. Trefethen &amp; D. Bau III \u2013 Numerical Linear Algebra, SIAM, 1997.<\/li>\n\n\n\n<li>G. Strang, Linear Algebra and its Applications, Harcourt Brace Jovanovich, 1988.<\/li>\n\n\n\n<li>Peter Deuflhard. Newton methods for nonlinear problems: affine invariance and adaptive algorithms Springer series in computational mathematics; 35), Berlin -Springer, 2004.&nbsp;<\/li>\n\n\n\n<li>L. Burden e J. Douglas Faires, An\u00e1lise Num\u00e9rica, revis\u00e3o t\u00e9cnica&nbsp;Helena Maria \u00c1vila de Castro. S\u00e3o Paulo, SP : Cengage Learning,&nbsp;2013 (Tradu\u00e7\u00e3o da 8\u00aa edi\u00e7\u00e3o norte-americana).&nbsp;<\/li>\n\n\n\n<li>Ian T. Jolliffe, Principal Component Analysis (Springer Series in Statistics), 2nd Edition, &#8211; Springer (October 1, 2002)&nbsp;<\/li>\n\n\n\n<li>Yousef Saad.Iterative methods for sparse linear systems (1st\/2ed), Philadelphia &#8211; SIAM, 2003.&nbsp;<\/li>\n\n\n\n<li>C. T. Kelley. Fundamentals of Algorithms Solving Nonlinear Equations with Newton&#8217;s Methods, Philadelphia &#8211; SIAM, 2003.<\/li>\n<\/ul>\n\n\n\n<h3 class=\"wp-block-heading\" id=\"block-008f4a46-ac98-4d33-b3be-93e4321c1ec8\">Atendimento<\/h3>\n\n\n\n<p id=\"block-5a70a33e-3bf0-4d00-9d83-098018dc8be0\"><a href=\"https:\/\/disciplinas.ime.unicamp.br\/ms512\/atendimentos\/\">Confira aqui<\/a>&nbsp;os hor\u00e1rios dos atendimentos de d\u00favidas dos PEDs e PADs.<\/p>\n","protected":false},"excerpt":{"rendered":"<p>Informa\u00e7\u00f5es importantes Sobre a disciplina Uma an\u00e1lise te\u00f3rica abrangente e abordagem de aspectos computacionais de m\u00e9todos num\u00e9ricos aplicados \u00e0 resolu\u00e7\u00e3o de sistemas lineares e n\u00e3o lineares, quadrados m\u00ednimos lineares e c\u00e1lculo de autovalores e autovetores. Introduzir os fundamentos matem\u00e1ticos dos m\u00e9todos num\u00e9ricos b\u00e1sicos utilizados na solu\u00e7\u00e3o (tipicamente aproximada) de modelos matem\u00e1ticos lineares Ax=b e n\u00e3o [&hellip;]<\/p>\n","protected":false},"author":1,"featured_media":0,"parent":0,"menu_order":0,"comment_status":"closed","ping_status":"open","template":"","meta":{"footnotes":""},"class_list":["post-2","page","type-page","status-publish","hentry"],"_links":{"self":[{"href":"https:\/\/disciplinas.ime.unicamp.br\/ms512\/wp-json\/wp\/v2\/pages\/2","targetHints":{"allow":["GET"]}}],"collection":[{"href":"https:\/\/disciplinas.ime.unicamp.br\/ms512\/wp-json\/wp\/v2\/pages"}],"about":[{"href":"https:\/\/disciplinas.ime.unicamp.br\/ms512\/wp-json\/wp\/v2\/types\/page"}],"author":[{"embeddable":true,"href":"https:\/\/disciplinas.ime.unicamp.br\/ms512\/wp-json\/wp\/v2\/users\/1"}],"replies":[{"embeddable":true,"href":"https:\/\/disciplinas.ime.unicamp.br\/ms512\/wp-json\/wp\/v2\/comments?post=2"}],"version-history":[{"count":5,"href":"https:\/\/disciplinas.ime.unicamp.br\/ms512\/wp-json\/wp\/v2\/pages\/2\/revisions"}],"predecessor-version":[{"id":118,"href":"https:\/\/disciplinas.ime.unicamp.br\/ms512\/wp-json\/wp\/v2\/pages\/2\/revisions\/118"}],"wp:attachment":[{"href":"https:\/\/disciplinas.ime.unicamp.br\/ms512\/wp-json\/wp\/v2\/media?parent=2"}],"curies":[{"name":"wp","href":"https:\/\/api.w.org\/{rel}","templated":true}]}}