{"id":20,"date":"2023-08-28T13:01:53","date_gmt":"2023-08-28T16:01:53","guid":{"rendered":"https:\/\/disciplinas.ime.unicamp.br\/ms512\/?page_id=20"},"modified":"2023-08-28T13:01:53","modified_gmt":"2023-08-28T16:01:53","slug":"atendimentos","status":"publish","type":"page","link":"https:\/\/disciplinas.ime.unicamp.br\/ms512\/atendimentos\/","title":{"rendered":"Atendimentos"},"content":{"rendered":"\n<p>O(A)s participantes do PED \u2013 Programa de Est\u00e1gio Did\u00e1tico e do PAD- Programa de Apoio Did\u00e1tico, estar\u00e3o \u00e0 disposi\u00e7\u00e3o de atendimentos para d\u00favidas nos hor\u00e1rios e locais descritos abaixo:<\/p>\n\n\n\n<h3 class=\"wp-block-heading\">Presencialmente<\/h3>\n\n\n\n<p>Os atendimentos presenciais dos PEDs s\u00e3o realizados nos dias\/hor\u00e1rios da tabela a seguir, sempre no IMECC.<\/p>\n\n\n\n<figure class=\"wp-block-table\"><table><thead><tr><th class=\"has-text-align-center\" data-align=\"center\">Hor\u00e1rio<\/th><th class=\"has-text-align-center\" data-align=\"center\">Sala<\/th><th class=\"has-text-align-center\" data-align=\"center\">2a<\/th><th class=\"has-text-align-center\" data-align=\"center\">3a<\/th><th class=\"has-text-align-center\" data-align=\"center\">4a<\/th><th class=\"has-text-align-center\" data-align=\"center\">5a<\/th><th class=\"has-text-align-center\" data-align=\"center\">6a<\/th><\/tr><\/thead><tbody><tr><td class=\"has-text-align-center\" data-align=\"center\">12h<\/td><td class=\"has-text-align-center\" data-align=\"center\">223<\/td><td class=\"has-text-align-center\" data-align=\"center\">Monitoria<\/td><td class=\"has-text-align-center\" data-align=\"center\">&nbsp;<\/td><td class=\"has-text-align-center\" data-align=\"center\"><\/td><td class=\"has-text-align-center\" data-align=\"center\">&nbsp;<\/td><td class=\"has-text-align-center\" data-align=\"center\"><\/td><\/tr><tr><td class=\"has-text-align-center\" data-align=\"center\">12h<\/td><td class=\"has-text-align-center\" data-align=\"center\">225<\/td><td class=\"has-text-align-center\" data-align=\"center\"><\/td><td class=\"has-text-align-center\" data-align=\"center\"><\/td><td class=\"has-text-align-center\" data-align=\"center\">Monitoria<\/td><td class=\"has-text-align-center\" data-align=\"center\"><\/td><td class=\"has-text-align-center\" data-align=\"center\">Monitoria<\/td><\/tr><tr><td class=\"has-text-align-center\" data-align=\"center\">18h<\/td><td class=\"has-text-align-center\" data-align=\"center\">225<\/td><td class=\"has-text-align-center\" data-align=\"center\">Monitoria<\/td><td class=\"has-text-align-center\" data-align=\"center\"><\/td><td class=\"has-text-align-center\" data-align=\"center\"><\/td><td class=\"has-text-align-center\" data-align=\"center\"><\/td><td class=\"has-text-align-center\" data-align=\"center\"><\/td><\/tr><tr><td class=\"has-text-align-center\" data-align=\"center\">18h<\/td><td class=\"has-text-align-center\" data-align=\"center\">323<\/td><td class=\"has-text-align-center\" data-align=\"center\"><\/td><td class=\"has-text-align-center\" data-align=\"center\">Monitoria<\/td><td class=\"has-text-align-center\" data-align=\"center\"><\/td><td class=\"has-text-align-center\" data-align=\"center\">Monitoria<\/td><td class=\"has-text-align-center\" data-align=\"center\"><\/td><\/tr><\/tbody><\/table><\/figure>\n\n\n\n<p>Com o Prof. Eduardo Abreu, respons\u00e1vel pelo curso MS512, sempre nos dias hor\u00e1rios seguintes:\u00a0<strong>2\u00aa 13-14 \/ 4\u00aa 13-14,\u00a0<\/strong>na\u00a0<strong>sala 114\u00a0do\u00a0IMECC<\/strong>.\u00a0Em caso de comunica\u00e7\u00e3o via e-mail, somente ser\u00e3o consideradas mensagens quando as mesmas forem enviadas via o e-mail institucional DAC\/Unicamp.<\/p>\n","protected":false},"excerpt":{"rendered":"<p>O(A)s participantes do PED \u2013 Programa de Est\u00e1gio Did\u00e1tico e do PAD- Programa de Apoio Did\u00e1tico, estar\u00e3o \u00e0 disposi\u00e7\u00e3o de atendimentos para d\u00favidas nos hor\u00e1rios e locais descritos abaixo: Presencialmente Os atendimentos presenciais dos PEDs s\u00e3o realizados nos dias\/hor\u00e1rios da tabela a seguir, sempre no IMECC. Hor\u00e1rio Sala 2a 3a 4a 5a 6a 12h 223 [&hellip;]<\/p>\n","protected":false},"author":10,"featured_media":0,"parent":0,"menu_order":0,"comment_status":"closed","ping_status":"closed","template":"","meta":{"footnotes":""},"class_list":["post-20","page","type-page","status-publish","hentry"],"_links":{"self":[{"href":"https:\/\/disciplinas.ime.unicamp.br\/ms512\/wp-json\/wp\/v2\/pages\/20","targetHints":{"allow":["GET"]}}],"collection":[{"href":"https:\/\/disciplinas.ime.unicamp.br\/ms512\/wp-json\/wp\/v2\/pages"}],"about":[{"href":"https:\/\/disciplinas.ime.unicamp.br\/ms512\/wp-json\/wp\/v2\/types\/page"}],"author":[{"embeddable":true,"href":"https:\/\/disciplinas.ime.unicamp.br\/ms512\/wp-json\/wp\/v2\/users\/10"}],"replies":[{"embeddable":true,"href":"https:\/\/disciplinas.ime.unicamp.br\/ms512\/wp-json\/wp\/v2\/comments?post=20"}],"version-history":[{"count":1,"href":"https:\/\/disciplinas.ime.unicamp.br\/ms512\/wp-json\/wp\/v2\/pages\/20\/revisions"}],"predecessor-version":[{"id":21,"href":"https:\/\/disciplinas.ime.unicamp.br\/ms512\/wp-json\/wp\/v2\/pages\/20\/revisions\/21"}],"wp:attachment":[{"href":"https:\/\/disciplinas.ime.unicamp.br\/ms512\/wp-json\/wp\/v2\/media?parent=20"}],"curies":[{"name":"wp","href":"https:\/\/api.w.org\/{rel}","templated":true}]}}