{"id":20,"date":"2023-08-28T13:36:12","date_gmt":"2023-08-28T16:36:12","guid":{"rendered":"https:\/\/disciplinas.ime.unicamp.br\/ms993\/?page_id=20"},"modified":"2023-09-04T10:47:59","modified_gmt":"2023-09-04T13:47:59","slug":"atividades","status":"publish","type":"page","link":"https:\/\/disciplinas.ime.unicamp.br\/ms993\/atividades\/","title":{"rendered":"Atividades"},"content":{"rendered":"\n<h2 class=\"wp-block-heading\">Projetos<\/h2>\n\n\n\n<p class=\"has-text-align-center\"><strong>Aten\u00e7\u00e3o!!<\/strong><br><a href=\"http:\/\/disciplinas.ime.unicamp.br\/ms993\/wp-content\/uploads\/sites\/8\/2023\/08\/DicasElaboracaoProjetos.pdf\" target=\"_blank\" rel=\"noreferrer noopener\">Dicas para a elabora\u00e7\u00e3o dos projetos MS993\/MT404<\/a><\/p>\n\n\n\n<figure class=\"wp-block-table\"><table><thead><tr><th class=\"has-text-align-center\" data-align=\"center\">Atividade<\/th><th class=\"has-text-align-center\" data-align=\"center\">Data de entrega<\/th><th class=\"has-text-align-center\" data-align=\"center\">Disponibilizado em:<\/th><\/tr><\/thead><tbody><tr><td class=\"has-text-align-center\" data-align=\"center\"><a href=\"http:\/\/disciplinas.ime.unicamp.br\/ms993\/wp-content\/uploads\/sites\/8\/2023\/08\/Lista1.pdf\" target=\"_blank\" rel=\"noreferrer noopener\">Lista 1<\/a><\/td><td class=\"has-text-align-center\" data-align=\"center\">23\/Setembro<\/td><td class=\"has-text-align-center\" data-align=\"center\">02\/Setembro<\/td><\/tr><tr><td class=\"has-text-align-center\" data-align=\"center\"><a href=\"http:\/\/disciplinas.ime.unicamp.br\/ms993\/wp-content\/uploads\/sites\/8\/2023\/08\/Projeto1.pdf\" target=\"_blank\" rel=\"noreferrer noopener\">Projeto 1<\/a><\/td><td class=\"has-text-align-center\" data-align=\"center\">16\/Setembro<\/td><td class=\"has-text-align-center\" data-align=\"center\">02\/Setembro<\/td><\/tr><tr><td class=\"has-text-align-center\" data-align=\"center\"><a href=\"http:\/\/disciplinas.ime.unicamp.br\/ms993\/wp-content\/uploads\/sites\/8\/2023\/08\/projeto2.pdf\" target=\"_blank\" rel=\"noreferrer noopener\">Projeto 2<\/a><\/td><td class=\"has-text-align-center\" data-align=\"center\">30\/Setembro<\/td><td class=\"has-text-align-center\" data-align=\"center\">16\/Setembro<\/td><\/tr><tr><td class=\"has-text-align-center\" data-align=\"center\"><a href=\"http:\/\/disciplinas.ime.unicamp.br\/ms993\/wp-content\/uploads\/sites\/8\/2023\/08\/Lista2.pdf\" target=\"_blank\" rel=\"noreferrer noopener\">Lista 2<\/a><\/td><td class=\"has-text-align-center\" data-align=\"center\">21\/Outubro<\/td><td class=\"has-text-align-center\" data-align=\"center\">23\/Setembro<\/td><\/tr><tr><td class=\"has-text-align-center\" data-align=\"center\"><a rel=\"noreferrer noopener\" href=\"http:\/\/disciplinas.ime.unicamp.br\/ms993\/wp-content\/uploads\/sites\/8\/2023\/08\/Projeto3.pdf\" target=\"_blank\">Projeto 3<\/a><\/td><td class=\"has-text-align-center\" data-align=\"center\">14\/Outubro<\/td><td class=\"has-text-align-center\" data-align=\"center\">30\/Setembro<\/td><\/tr><tr><td class=\"has-text-align-center\" data-align=\"center\"><a rel=\"noreferrer noopener\" href=\"http:\/\/disciplinas.ime.unicamp.br\/ms993\/wp-content\/uploads\/sites\/8\/2023\/08\/projeto4.pdf\" target=\"_blank\">Projeto 4<\/a><\/td><td class=\"has-text-align-center\" data-align=\"center\">04\/Novembro<\/td><td class=\"has-text-align-center\" data-align=\"center\">14\/Outubro<\/td><\/tr><tr><td class=\"has-text-align-center\" data-align=\"center\"><a rel=\"noreferrer noopener\" href=\"http:\/\/disciplinas.ime.unicamp.br\/ms993\/wp-content\/uploads\/sites\/8\/2023\/08\/projeto5.pdf\" target=\"_blank\">Projeto 5<\/a><\/td><td class=\"has-text-align-center\" data-align=\"center\">18\/Novembro<\/td><td class=\"has-text-align-center\" data-align=\"center\">04\/Novembro<\/td><\/tr><tr><td class=\"has-text-align-center\" data-align=\"center\"><a href=\"http:\/\/disciplinas.ime.unicamp.br\/ms993\/wp-content\/uploads\/sites\/8\/2023\/08\/lista3.pdf\" target=\"_blank\" rel=\"noreferrer noopener\">Lista 3<\/a><\/td><td class=\"has-text-align-center\" data-align=\"center\">09\/Dezembro<\/td><td class=\"has-text-align-center\" data-align=\"center\">04\/Novembro<\/td><\/tr><tr><td class=\"has-text-align-center\" data-align=\"center\"><a rel=\"noreferrer noopener\" href=\"http:\/\/disciplinas.ime.unicamp.br\/ms993\/wp-content\/uploads\/sites\/8\/2023\/08\/projeto6.pdf\" target=\"_blank\">Projeto 6<\/a><\/td><td class=\"has-text-align-center\" data-align=\"center\">09\/Dezembro<\/td><td class=\"has-text-align-center\" data-align=\"center\">18\/Novembro<\/td><\/tr><\/tbody><\/table><\/figure>\n","protected":false},"excerpt":{"rendered":"<p>Projetos Aten\u00e7\u00e3o!!Dicas para a elabora\u00e7\u00e3o dos projetos MS993\/MT404 Atividade Data de entrega Disponibilizado em: Lista 1 23\/Setembro 02\/Setembro Projeto 1 16\/Setembro 02\/Setembro Projeto 2 30\/Setembro 16\/Setembro Lista 2 21\/Outubro 23\/Setembro Projeto 3 14\/Outubro 30\/Setembro Projeto 4 04\/Novembro 14\/Outubro Projeto 5 18\/Novembro 04\/Novembro Lista 3 09\/Dezembro 04\/Novembro Projeto 6 09\/Dezembro 18\/Novembro<\/p>\n","protected":false},"author":10,"featured_media":0,"parent":0,"menu_order":0,"comment_status":"closed","ping_status":"closed","template":"","meta":{"footnotes":""},"class_list":["post-20","page","type-page","status-publish","hentry"],"_links":{"self":[{"href":"https:\/\/disciplinas.ime.unicamp.br\/ms993\/wp-json\/wp\/v2\/pages\/20","targetHints":{"allow":["GET"]}}],"collection":[{"href":"https:\/\/disciplinas.ime.unicamp.br\/ms993\/wp-json\/wp\/v2\/pages"}],"about":[{"href":"https:\/\/disciplinas.ime.unicamp.br\/ms993\/wp-json\/wp\/v2\/types\/page"}],"author":[{"embeddable":true,"href":"https:\/\/disciplinas.ime.unicamp.br\/ms993\/wp-json\/wp\/v2\/users\/10"}],"replies":[{"embeddable":true,"href":"https:\/\/disciplinas.ime.unicamp.br\/ms993\/wp-json\/wp\/v2\/comments?post=20"}],"version-history":[{"count":5,"href":"https:\/\/disciplinas.ime.unicamp.br\/ms993\/wp-json\/wp\/v2\/pages\/20\/revisions"}],"predecessor-version":[{"id":82,"href":"https:\/\/disciplinas.ime.unicamp.br\/ms993\/wp-json\/wp\/v2\/pages\/20\/revisions\/82"}],"wp:attachment":[{"href":"https:\/\/disciplinas.ime.unicamp.br\/ms993\/wp-json\/wp\/v2\/media?parent=20"}],"curies":[{"name":"wp","href":"https:\/\/api.w.org\/{rel}","templated":true}]}}